{"id":38,"date":"2025-12-16T11:51:31","date_gmt":"2025-12-16T14:51:31","guid":{"rendered":"https:\/\/pnc2050.cultura.gov.py\/index.php\/pnc-2050-landing\/"},"modified":"2026-03-05T11:38:42","modified_gmt":"2026-03-05T14:38:42","slug":"pnc-2050-landing","status":"publish","type":"page","link":"https:\/\/pnc2050.cultura.gov.py\/","title":{"rendered":"PNC 2050 Landing"},"content":{"rendered":"\n\n<section id=\"hero\" class=\"pnc-hero-section py-12 sm:py-16 bg-cover bg-top\" style=\"background-image: url(https:\/\/pnc2050.cultura.gov.py\/wp-content\/uploads\/2025\/12\/gradiente1.jpg);\">\n    <div class=\"pnc-shell\">\n        <div class=\"max-w-4xl mx-auto text-center\">\n            <h1 class=\"pnc-hero-heading\">\n                Plan Nacional de Cultura PNC 2050: Construyendo el futuro cultural de Paraguay.            <\/h1>\n        <\/div>\n\n                    <div class=\"mt-6 sm:mt-8 max-w-4xl mx-auto\" id=\"hero-video\">\n                <div class=\"pnc-hero-video-frame\">\n                    <iframe\n                        src=\"https:\/\/www.youtube.com\/embed\/UkvUrUo_nqw?rel=0&#038;modestbranding=1\"\n                        title=\"Video de YouTube\"\n                        frameborder=\"0\"\n                        allow=\"accelerometer; autoplay; clipboard-write; encrypted-media; gyroscope; picture-in-picture\"\n                        allowfullscreen\n                        class=\"absolute inset-0 w-full h-full\"\n                    ><\/iframe>\n                <\/div>\n            <\/div>\n        \n        <div class=\"mt-12 sm:mt-16 max-w-4xl mx-auto text-center px-8 sm:px-14 md:px-20\">\n                            <h2 class=\"pnc-hero-subtitle\">\n                    Nuestra cultura, <em class=\"font-extralight italic\">heta tekoha<\/em>                <\/h2>\n            \n                            <p class=\"pnc-hero-description mt-4\">\n                    La cultura es el alma, el <em class=\"font-extralight italic\">karaku<\/em> del pueblo, el tejido vivo que sostiene la sociedad en ese <em class=\"font-extralight italic\">\u00f1ande<\/em> que se construye con el <em class=\"font-extralight italic\">jopara<\/em> de tradici\u00f3n e innovaci\u00f3n, y que resuena en nuestro <em class=\"font-extralight italic\">\u00f1e\u2019\u00ea<\/em>.                <\/p>\n            \n                            <a\n                    href=\"#participar\"\n                    id=\"hero-cta-button\"\n                    class=\"pnc-hero-button\"\n                >\n                    Particip\u00e1 y consult\u00e1                <\/a>\n                    <\/div>\n    <\/div>\n<\/section>\n\n\n<section class=\"pnc-content-section pnc-section-spacing\" id=\"que-es\" style=\"background-color: #ff925c;\">\n    <div class=\"pnc-shell\">\n        <div class=\"pnc-narrow-shell\" style=\"color: #ffffff;\">\n                            <h2 class=\"section-heading pnc-section-heading mb-8\">\n                    \u00bfQu\u00e9 es el PNC 2050?                <\/h2>\n            \n                            <div class=\"section-content space-y-6 sm:space-y-8 pnc-body-copy\">\n                    \n\n<p>El Plan Nacional de Cultura 2050 (PNC 2050) ser\u00e1 la hoja de ruta del Estado paraguayo que definir\u00e1 el horizonte estrat\u00e9gico de los derechos culturales en Paraguay, a la luz del Plan Nacional de Desarrollo 2050 (PND 2050), en di\u00e1logo con otros planes sectoriales, mediante una gobernanza interinstitucional, descentralizada, participativa, innovadora y transparente.<\/p>\n\n\n\n<p>La Secretar\u00eda Nacional de Cultura (SNC), coordinar\u00e1 la formulaci\u00f3n del PNC 2050 -como \u00f3rgano rector de las pol\u00edticas culturales- junto con instituciones del nivel central, gobernaciones y municipalidades, coresponsables de su formulaci\u00f3n, ejecuci\u00f3n, evaluaci\u00f3n y rendici\u00f3n de cuentas.<\/p>\n\n\n\n<p>El proceso se desarrollar\u00e1 de forma progresiva y participativa, mediante el di\u00e1logo y articulaci\u00f3n con organizaciones de la sociedad civil, la academia, el sector privado, el ecosistema comunicacional y la cooperaci\u00f3n internacional.<\/p>\n\n                <\/div>\n                    <\/div>\n    <\/div>\n\n            <div class=\"divider-image pnc-divider-frame\">\n            <img decoding=\"async\" src=\"https:\/\/pnc2050.cultura.gov.py\/wp-content\/uploads\/2025\/12\/quees.png\" alt=\"\" class=\"w-full h-auto\" loading=\"lazy\" \/>\n        <\/div>\n    <\/section>\n\n\n<section class=\"pnc-content-section pnc-section-spacing\" id=\"por-que\" style=\"background-color: #fff6e9;\">\n    <div class=\"pnc-shell\">\n        <div class=\"pnc-narrow-shell\" style=\"color: #9f8bff;\">\n                            <h2 class=\"section-heading pnc-section-heading mb-8\">\n                    \u00bfPorqu\u00e9 elaborar un Plan Nacional de Cultura al 2050?                <\/h2>\n            \n                            <div class=\"section-content space-y-6 sm:space-y-8 pnc-body-copy\">\n                    \n\n<p>Se trata de un instrumento de largo plazo mediante el cual el Estado paraguayo organiza, fortalece y proyecta su pol\u00edtica cultural. Es necesario porque:<\/p>\n\n\n\n<ul class=\"wp-block-list pnc-body-list list-disc list-inside marker:text-brand-purple text-brand-purple\">\n<li>El desarrollo sostenible del pa\u00eds necesita la mirada cultural. Sin cultura no hay desarrollo.<\/li>\n\n\n\n<li>El Estado tiene el deber de garantizar los derechos culturales de todas las personas y comunidades, y a\u00fan existen obst\u00e1culos para ejercerlos plenamente.<\/li>\n\n\n\n<li>La SNC, como \u00f3rgano rector deber coordinar y guiar las pol\u00edticas culturales del pa\u00eds.<\/li>\n\n\n\n<li>El \u00faltimo PNC concluy\u00f3 en 2023 y se requiere proyectar el horizonte cultural del Paraguay hacia el 2050.<\/li>\n<\/ul>\n\n                <\/div>\n                    <\/div>\n    <\/div>\n\n            <div class=\"divider-image pnc-divider-frame\">\n            <img decoding=\"async\" src=\"https:\/\/pnc2050.cultura.gov.py\/wp-content\/uploads\/2025\/12\/porque.png\" alt=\"\" class=\"w-full h-auto\" loading=\"lazy\" \/>\n        <\/div>\n    <\/section>\n\n\n<section class=\"pnc-content-section pnc-section-spacing\" id=\"para-que\" style=\"background-color: #9f8bff;\">\n    <div class=\"pnc-shell\">\n        <div class=\"pnc-narrow-shell\" style=\"color: #ffffff;\">\n                            <h2 class=\"section-heading pnc-section-heading mb-8\">\n                    \u00bfPara qu\u00e9 se hace el PNC 2050?                <\/h2>\n            \n                            <div class=\"section-content space-y-6 sm:space-y-8 pnc-body-copy\">\n                    \n\n<ol class=\"wp-block-list pnc-body-list list-decimal list-inside space-y-4\">\n<li>Para consolidar y hacer efectivo lo que establece la Constituci\u00f3n Nacional, la Ley Nacional de Cultura y otras normativas vinculantes.<\/li>\n\n\n\n<li>Para garantizar, con equidad territorial, el ejercicio pleno de los derechos culturales.<\/li>\n\n\n\n<li>Para proteger y transmitir el patrimonio cultural.<\/li>\n\n\n\n<li>Para reducir desigualdades en creacio4n, producci\u00f3n, acceso y participaci\u00f3n cultural.<\/li>\n\n\n\n<li>Para garantizar la libertad de creaci\u00f3n y los derechos de quienes producen cultura.<\/li>\n\n\n\n<li>Para dignificar y profesionalizar el trabajo art\u00edstico y cultural.<\/li>\n\n\n\n<li>Para integrar cultura, desarrollo sostenible y transici\u00f3n digital.<\/li>\n\n\n\n<li>Para reconocer y valorar la diversidad sociocultural.<\/li>\n\n\n\n<li>Para fortalecer la cooperaci\u00f3n cultural internacional.<\/li>\n<\/ol>\n\n\n\n<p>Tambi\u00e9n busca mejorar la acci\u00f3n del Estado en cultura:<\/p>\n\n\n\n<ul class=\"wp-block-list\">\n<li>Fortalecer la gobernanza y la articulaci\u00f3n interinstitucional.<\/li>\n\n\n\n<li>Integrar la cultura a la agenda de desarrollo nacional.<\/li>\n\n\n\n<li>Mejorar la eficiencia y la coordinaci\u00f3n intersectorial.<\/li>\n\n\n\n<li>Impulsar una participaci\u00f3n ciudadana plural y efectiva.<\/li>\n\n\n\n<li>Consolidar un modelo descentralizado con corresponsabilidad entre niveles de gobierno.<\/li>\n<\/ul>\n\n\n\n<p>En s\u00edntesis, el PNC 2050 ordena y articula la acci\u00f3n cultural del Estado a largo plazo, para cumplir mejor sus compromisos y posicionar la cultura como dimensi\u00f3n estrat\u00e9gica del desarrollo.<\/p>\n\n                <\/div>\n                    <\/div>\n    <\/div>\n\n            <div class=\"divider-image pnc-divider-frame\">\n            <img decoding=\"async\" src=\"https:\/\/pnc2050.cultura.gov.py\/wp-content\/uploads\/2025\/12\/aenior.png\" alt=\"\" class=\"w-full h-auto\" loading=\"lazy\" \/>\n        <\/div>\n    <\/section>\n\n\n<section class=\"pnc-timeline bg-brand-beige pt-20 sm:pt-28 md:pt-36 pb-8 sm:pb-12\">\n    <div class=\"pnc-shell\">\n        <div class=\"pnc-timeline-card\">\n                            <h2 class=\"pnc-section-heading text-brand-purple\">\n                    \u00bfCu\u00e1ndo se formular\u00e1? El Plan Nacional de Cultura 2050 ser\u00e1 formulado durante el a\u00f1o 2026.                <\/h2>\n            \n                            <p class=\"pnc-body-copy text-brand-purple mt-4\">\n                    El proceso de formulaci\u00f3n participativa del PNC 2050, se extender\u00e1 a lo largo del a\u00f1o 2026, un a\u00f1o estrat\u00e9gico, ya que, a dem\u00e1s de coincidir con el inicio de la implementaci\u00f3n del PND 2050, con el cual estar\u00e1 alineado, se conmemoran 20 a\u00f1os de la Ley Nacional de Cultura y 10 a\u00f1os de la Ley de Protecci\u00f3n del Patrimonio Cultural, marcos que consolidaron el enfoque de derechos y la responsabilidad p\u00fablica del Estado en materia cultural.                <\/p>\n            \n            <div class=\"pnc-timeline-dates\">\n                <div>\n                                                        <\/div>\n                <div class=\"pnc-timeline-divider\"><\/div>\n                <div class=\"text-right\">\n                                                        <\/div>\n            <\/div>\n\n                            <div class=\"pnc-timeline-inner-blocks mt-8\">\n                    \n\n<p><\/p>\n\n                <\/div>\n                    <\/div>\n    <\/div>\n<\/section>\n\n\n<section class=\"pnc-roadmap bg-brand-primary py-12 sm:py-16\" id=\"hoja-de-ruta\">\n    <div class=\"pnc-shell\">\n        <div class=\"pnc-roadmap-surface\">\n                            <div class=\"roadmap-content space-y-8 text-white\">\n                    <h2 class=\"pnc-section-heading text-white\/90\">Hoja de Ruta para la formulaci\u00f3n participativa del PNC 2050<\/h2><p class=\"pnc-body-copy text-white mt-4\">La hoja de ruta, basada en cinco estrategias que operan de manera complementaria y transversal, es decir, constituyen dimensiones permanentes que aseguran la viabilidad pol\u00edtica, la sostenibilidad financiera, la legitimidad social, la calidad t\u00e9cnica y la adecuada comunicaci\u00f3n, est\u00e1 prevista desarrollar en siete fases acompa\u00f1adas de mecanismos de participaci\u00f3n ciudadana.<\/p><p class=\"pnc-body-copy text-white mt-4\">El proceso combinar\u00e1 instancias presenciales, di\u00e1logo institucional y participaci\u00f3n digital.<\/p><div class=\"mt-8 space-y-8\"><div><h3 class=\"font-bold font-pnc-heading text-lg sm:text-xl\"><\/h3><\/div><\/div>                <\/div>\n            \n                            <div class=\"roadmap-inner-blocks space-y-6 text-white mt-8\">\n                    \n\n<ul class=\"wp-block-list pnc-custom-list\">\n<li>Jornadas con instituciones p\u00fablicas del nivel central<\/li>\n\n\n\n<li>Concurso de art\u00edculos de reflexi\u00f3n sobre los derechos culturales en Paraguay<\/li>\n\n\n\n<li>Foros regionales de territorios &#8211; Chaco, Sur, Este, Norte, Central y Metropolitano<\/li>\n\n\n\n<li>Foro Nacional sobre Derechos Culturales de los Pueblos Ind\u00edgenas<\/li>\n\n\n\n<li>Ciclo de conversaciones y Seminario Nacional sobre Patrimonio Cultural Paraguayo<\/li>\n\n\n\n<li>Premio Nacional de Periodismo Cultural<\/li>\n\n\n\n<li>Di\u00e1logo con el Sector Privado<\/li>\n\n\n\n<li>Mesa de Cooperantes para los derechos culturales en Paraguay<\/li>\n\n\n\n<li>Conversaciones tem\u00e1ticas inusuales e imprecindibles<\/li>\n\n\n\n<li>Seminario Nacional FUTURO 2050: \u00abCultura, Derechos y Transformaciones Tecnol\u00f3gicas\u00bb<\/li>\n\n\n\n<li>Seminario Nacional sobre estad\u00edsticas culturales<\/li>\n\n\n\n<li>Articulaci\u00f3n con la academia, profesionalizaci\u00f3n y producci\u00f3n de conocimiento<\/li>\n\n\n\n<li>Congreso Nacional de Cultura, en el marco de la Semana de la Cultura y en di\u00e1logo con MICSUR Paraguay 2026<\/li>\n\n\n\n<li>Acto de presentaci\u00f3n del PNC 2050<\/li>\n<\/ul>\n\n                <\/div>\n                    <\/div>\n    <\/div>\n<\/section>\n\n\n\n\n<section class=\"pnc-cta-section pnc-gradient-bottom py-20 sm:py-24 md:py-32\" id=\"participar\">\n    <div class=\"pnc-shell\">\n        <div class=\"max-w-4xl mx-auto text-center text-white\">\n                            <div class=\"pnc-cta-message\">\n                    <span class=\"font-pnc-heading font-thin\">Te invitamos a construir el Plan Nacional de Cultura 2050: un <\/span><span class=\"font-pnc-heading font-medium\">aty guasu participativo<\/span> <span class=\"font-pnc-heading font-thin\">para viajar juntos al 2050.<\/span>                <\/div>\n            \n            \n                            <a href=\"https:\/\/docs.google.com\/forms\/d\/e\/1FAIpQLSf0QjoDQ0sBT1PgesRXEtVwlMewWCicjAUeJ0evo3EfxbIAIA\/viewform?usp=publish-editor\" class=\"pnc-cta-button\">\n                    Particip\u00e1 y consult\u00e1                <\/a>\n                    <\/div>\n    <\/div>\n<\/section>\n","protected":false},"excerpt":{"rendered":"","protected":false},"author":4,"featured_media":0,"parent":0,"menu_order":0,"comment_status":"closed","ping_status":"closed","template":"","meta":{"footnotes":""},"class_list":["post-38","page","type-page","status-publish","hentry"],"_links":{"self":[{"href":"https:\/\/pnc2050.cultura.gov.py\/index.php\/wp-json\/wp\/v2\/pages\/38","targetHints":{"allow":["GET"]}}],"collection":[{"href":"https:\/\/pnc2050.cultura.gov.py\/index.php\/wp-json\/wp\/v2\/pages"}],"about":[{"href":"https:\/\/pnc2050.cultura.gov.py\/index.php\/wp-json\/wp\/v2\/types\/page"}],"author":[{"embeddable":true,"href":"https:\/\/pnc2050.cultura.gov.py\/index.php\/wp-json\/wp\/v2\/users\/4"}],"replies":[{"embeddable":true,"href":"https:\/\/pnc2050.cultura.gov.py\/index.php\/wp-json\/wp\/v2\/comments?post=38"}],"version-history":[{"count":18,"href":"https:\/\/pnc2050.cultura.gov.py\/index.php\/wp-json\/wp\/v2\/pages\/38\/revisions"}],"predecessor-version":[{"id":95,"href":"https:\/\/pnc2050.cultura.gov.py\/index.php\/wp-json\/wp\/v2\/pages\/38\/revisions\/95"}],"wp:attachment":[{"href":"https:\/\/pnc2050.cultura.gov.py\/index.php\/wp-json\/wp\/v2\/media?parent=38"}],"curies":[{"name":"wp","href":"https:\/\/api.w.org\/{rel}","templated":true}]}}